{"id":193,"date":"2019-07-17T08:37:47","date_gmt":"2019-07-17T08:37:47","guid":{"rendered":"http:\/\/check.expert\/?page_id=193"},"modified":"2024-06-07T15:06:15","modified_gmt":"2024-06-07T15:06:15","slug":"auslands","status":"publish","type":"page","link":"http:\/\/check.expert\/?page_id=193","title":{"rendered":"Auslands"},"content":{"rendered":"\n<p>Eine unbeschwerte Urlaubsreise zu traumhaften Str\u00e4nden oder pulsierenden Metropolen &#8211; damit es auch bei einem sorgenfreien Aufenthalt bleibt ist eine Auslandskrankenversicherung ratsam, damit Sie im Fall des Falles abgesichert sind! <\/p>\n\n\n\n<p>Errechnen Sie gerne unter folgendem Link beim Versicherer CareConcept ihre Pr\u00e4mie.  Gerne beraten wir Sie in Folge \u00fcber ein ma\u00dfgeschneidertes Angebot &#8211; unabh\u00e4ngig und professionell! <\/p>\n\n\n\n<figure class=\"wp-block-image\"><a href=\"https:\/\/www.care-concept.de\/krankenversicherung\/vergleich\/auslandsversicherung.php?vmnr=0034380000&amp;mail=info@ihre-absicherung.de\"><img decoding=\"async\" src=\"https:\/\/www.care-concept.de\/bilder\/_banner\/auslandsversicherung\/gif\/auslandsversicherung_468_60_02.jpg\" alt=\"\"\/><\/a><figcaption class=\"wp-element-caption\">Externer Link zu CareConcept AG &#8211; Versicherungsgesellschaft<\/figcaption><\/figure>\n\n\n\n<p><\/p>\n","protected":false},"excerpt":{"rendered":"<p>Eine unbeschwerte Urlaubsreise zu traumhaften Str\u00e4nden oder pulsierenden Metropolen &#8211; damit es auch bei einem sorgenfreien Aufenthalt bleibt ist eine Auslandskrankenversicherung ratsam, damit Sie im Fall des Falles abgesichert sind! Errechnen Sie gerne unter folgendem Link beim Versicherer CareConcept ihre Pr\u00e4mie. Gerne beraten wir Sie in Folge \u00fcber ein ma\u00dfgeschneidertes Angebot &#8211; unabh\u00e4ngig und professionell!<\/p>\n","protected":false},"author":1,"featured_media":0,"parent":0,"menu_order":0,"comment_status":"closed","ping_status":"closed","template":"","meta":{"footnotes":""},"_links":{"self":[{"href":"http:\/\/check.expert\/index.php?rest_route=\/wp\/v2\/pages\/193"}],"collection":[{"href":"http:\/\/check.expert\/index.php?rest_route=\/wp\/v2\/pages"}],"about":[{"href":"http:\/\/check.expert\/index.php?rest_route=\/wp\/v2\/types\/page"}],"author":[{"embeddable":true,"href":"http:\/\/check.expert\/index.php?rest_route=\/wp\/v2\/users\/1"}],"replies":[{"embeddable":true,"href":"http:\/\/check.expert\/index.php?rest_route=%2Fwp%2Fv2%2Fcomments&post=193"}],"version-history":[{"count":6,"href":"http:\/\/check.expert\/index.php?rest_route=\/wp\/v2\/pages\/193\/revisions"}],"predecessor-version":[{"id":244,"href":"http:\/\/check.expert\/index.php?rest_route=\/wp\/v2\/pages\/193\/revisions\/244"}],"wp:attachment":[{"href":"http:\/\/check.expert\/index.php?rest_route=%2Fwp%2Fv2%2Fmedia&parent=193"}],"curies":[{"name":"wp","href":"https:\/\/api.w.org\/{rel}","templated":true}]}}