{"id":28,"date":"2019-07-12T06:30:32","date_gmt":"2019-07-12T06:30:32","guid":{"rendered":"http:\/\/check.expert\/?page_id=28"},"modified":"2019-07-13T12:00:27","modified_gmt":"2019-07-13T12:00:27","slug":"wohngebaeude","status":"publish","type":"page","link":"http:\/\/check.expert\/?page_id=28","title":{"rendered":"Wohngeb\u00e4ude"},"content":{"rendered":"\n<p>Das Eigenheim. Ob freistehend oder in Reihe, Sie sollten stets darauf achten, dass Ihr zu Hause gegen Natur oder andere Ereignisse versichert ist. Nur so k\u00f6nnen Sie sich vor teuren Reparaturen  oder Erneuerungen wirksam sch\u00fctzen. In einigen F\u00e4llen ist eine Wohgeb\u00e4udeversicherung auch verpflichtend durch Eigenheimbesitzer abzuschlie\u00dfen. <\/p>\n\n\n\n<figure class=\"wp-block-image\"><img loading=\"lazy\" decoding=\"async\" width=\"300\" height=\"99\" src=\"http:\/\/check.expert\/wp-content\/uploads\/2019\/07\/Wohnen-300x99.png\" alt=\"\" class=\"wp-image-156\" srcset=\"http:\/\/check.expert\/wp-content\/uploads\/2019\/07\/Wohnen-300x99.png 300w, http:\/\/check.expert\/wp-content\/uploads\/2019\/07\/Wohnen-768x254.png 768w, http:\/\/check.expert\/wp-content\/uploads\/2019\/07\/Wohnen-1024x338.png 1024w, http:\/\/check.expert\/wp-content\/uploads\/2019\/07\/Wohnen-1200x396.png 1200w\" sizes=\"(max-width: 300px) 85vw, 300px\" \/><figcaption>(\u00a9 candy1812 \u2013 stock.adobe.com)<\/figcaption><\/figure>\n\n\n\n<p>Doch welche Besonderheiten gilt es zu beachten, ist zus\u00e4tzlich zum Standard auch die Versicherung gegen Elementarsch\u00e4den sinnvoll? Und was passiert, wenn das Abwasserrohr au\u00dferhalb des Geb\u00e4udes einen Schaden erleidet? Auf diese und weitere Fragen geben wir Ihnen gerne die richtige Antwort! <\/p>\n\n\n\n<p>Kontaktieren Sie uns gerne f\u00fcr ein kompetentes, umfassendes Beratungsgespr\u00e4ch!<\/p>\n","protected":false},"excerpt":{"rendered":"<p>Das Eigenheim. Ob freistehend oder in Reihe, Sie sollten stets darauf achten, dass Ihr zu Hause gegen Natur oder andere Ereignisse versichert ist. Nur so k\u00f6nnen Sie sich vor teuren Reparaturen oder Erneuerungen wirksam sch\u00fctzen. In einigen F\u00e4llen ist eine Wohgeb\u00e4udeversicherung auch verpflichtend durch Eigenheimbesitzer abzuschlie\u00dfen. Doch welche Besonderheiten gilt es zu beachten, ist zus\u00e4tzlich &hellip; <a href=\"http:\/\/check.expert\/?page_id=28\" class=\"more-link\"><span class=\"screen-reader-text\">&#8222;Wohngeb\u00e4ude&#8220; <\/span>weiterlesen<\/a><\/p>\n","protected":false},"author":1,"featured_media":0,"parent":0,"menu_order":0,"comment_status":"closed","ping_status":"closed","template":"","meta":{"footnotes":""},"_links":{"self":[{"href":"http:\/\/check.expert\/index.php?rest_route=\/wp\/v2\/pages\/28"}],"collection":[{"href":"http:\/\/check.expert\/index.php?rest_route=\/wp\/v2\/pages"}],"about":[{"href":"http:\/\/check.expert\/index.php?rest_route=\/wp\/v2\/types\/page"}],"author":[{"embeddable":true,"href":"http:\/\/check.expert\/index.php?rest_route=\/wp\/v2\/users\/1"}],"replies":[{"embeddable":true,"href":"http:\/\/check.expert\/index.php?rest_route=%2Fwp%2Fv2%2Fcomments&post=28"}],"version-history":[{"count":6,"href":"http:\/\/check.expert\/index.php?rest_route=\/wp\/v2\/pages\/28\/revisions"}],"predecessor-version":[{"id":180,"href":"http:\/\/check.expert\/index.php?rest_route=\/wp\/v2\/pages\/28\/revisions\/180"}],"wp:attachment":[{"href":"http:\/\/check.expert\/index.php?rest_route=%2Fwp%2Fv2%2Fmedia&parent=28"}],"curies":[{"name":"wp","href":"https:\/\/api.w.org\/{rel}","templated":true}]}}