{"id":34,"date":"2019-07-12T06:31:17","date_gmt":"2019-07-12T06:31:17","guid":{"rendered":"http:\/\/check.expert\/?page_id=34"},"modified":"2019-07-13T12:02:23","modified_gmt":"2019-07-13T12:02:23","slug":"rechtsschutz","status":"publish","type":"page","link":"http:\/\/check.expert\/?page_id=34","title":{"rendered":"Rechtsschutz"},"content":{"rendered":"\n<p>J\u00e4hrlich klagen rund 2,4 Millionen Deutche vor Zivilgerichten, j\u00e4hrlich werden \u00fcber 430.000 F\u00e4lle vor dem Arbeitsgericht ausgetragen und rund 400.000 F\u00e4lle aus dem Stra\u00dfenverkehr besch\u00e4ftigen die zust\u00e4ndigen Gerichte. Selbst wenn der Streit nicht von Ihnen ausgeht, so sind Sie gut beraten einen Anwalt f\u00fcr die komplexen juristischen Prozesse und Vorg\u00e4nge einzubeziehen &#8211; nat\u00fcrlich gegen ein gewisses Entgeld. <\/p>\n\n\n\n<figure class=\"wp-block-image\"><img loading=\"lazy\" decoding=\"async\" width=\"300\" height=\"112\" src=\"http:\/\/check.expert\/wp-content\/uploads\/2019\/07\/Recht-300x112.png\" alt=\"\" class=\"wp-image-153\" srcset=\"http:\/\/check.expert\/wp-content\/uploads\/2019\/07\/Recht-300x112.png 300w, http:\/\/check.expert\/wp-content\/uploads\/2019\/07\/Recht-768x286.png 768w, http:\/\/check.expert\/wp-content\/uploads\/2019\/07\/Recht-1024x381.png 1024w, http:\/\/check.expert\/wp-content\/uploads\/2019\/07\/Recht.png 1183w\" sizes=\"(max-width: 300px) 85vw, 300px\" \/><figcaption>(\u00a9 Corgarashu \u2013 stock.adobe.com)<\/figcaption><\/figure>\n\n\n\n<p>Um sich im Fall des (juristischen) Falles ganz auf das Ergebnis und den Prozess konzentrieren zu k\u00f6nnen empfehlen wir Ihnen eine Rechtsschutzversicherung. Diese gibt es sowohl als Komplettpaket, aber auch als einzelne Bausteine! <br>Lassen Sie sich von uns kompetent beraten, wir geben Ihenn gerne die Informationen um gemeinsam eine passende Versicherung im Bereich Recht zu finden.<\/p>\n","protected":false},"excerpt":{"rendered":"<p>J\u00e4hrlich klagen rund 2,4 Millionen Deutche vor Zivilgerichten, j\u00e4hrlich werden \u00fcber 430.000 F\u00e4lle vor dem Arbeitsgericht ausgetragen und rund 400.000 F\u00e4lle aus dem Stra\u00dfenverkehr besch\u00e4ftigen die zust\u00e4ndigen Gerichte. Selbst wenn der Streit nicht von Ihnen ausgeht, so sind Sie gut beraten einen Anwalt f\u00fcr die komplexen juristischen Prozesse und Vorg\u00e4nge einzubeziehen &#8211; nat\u00fcrlich gegen ein &hellip; <a href=\"http:\/\/check.expert\/?page_id=34\" class=\"more-link\"><span class=\"screen-reader-text\">&#8222;Rechtsschutz&#8220; <\/span>weiterlesen<\/a><\/p>\n","protected":false},"author":1,"featured_media":0,"parent":0,"menu_order":0,"comment_status":"closed","ping_status":"closed","template":"","meta":{"footnotes":""},"_links":{"self":[{"href":"http:\/\/check.expert\/index.php?rest_route=\/wp\/v2\/pages\/34"}],"collection":[{"href":"http:\/\/check.expert\/index.php?rest_route=\/wp\/v2\/pages"}],"about":[{"href":"http:\/\/check.expert\/index.php?rest_route=\/wp\/v2\/types\/page"}],"author":[{"embeddable":true,"href":"http:\/\/check.expert\/index.php?rest_route=\/wp\/v2\/users\/1"}],"replies":[{"embeddable":true,"href":"http:\/\/check.expert\/index.php?rest_route=%2Fwp%2Fv2%2Fcomments&post=34"}],"version-history":[{"count":5,"href":"http:\/\/check.expert\/index.php?rest_route=\/wp\/v2\/pages\/34\/revisions"}],"predecessor-version":[{"id":187,"href":"http:\/\/check.expert\/index.php?rest_route=\/wp\/v2\/pages\/34\/revisions\/187"}],"wp:attachment":[{"href":"http:\/\/check.expert\/index.php?rest_route=%2Fwp%2Fv2%2Fmedia&parent=34"}],"curies":[{"name":"wp","href":"https:\/\/api.w.org\/{rel}","templated":true}]}}