{"id":38,"date":"2019-07-12T06:31:50","date_gmt":"2019-07-12T06:31:50","guid":{"rendered":"http:\/\/check.expert\/?page_id=38"},"modified":"2019-07-19T14:33:23","modified_gmt":"2019-07-19T14:33:23","slug":"pflege-vorsorge","status":"publish","type":"page","link":"http:\/\/check.expert\/?page_id=38","title":{"rendered":"Pflege \/ Vorsorge"},"content":{"rendered":"\n<p>Nicht nur im Alter, auch bei unvorhergesehenen Ereignissen in deutlich j\u00fcngerem Alter kann es passieren, dass eine Pflegebed\u00fcrftigkeit eintritt. Die Pflege zu Hause oder auch in einem Pflegeheim kann schnell nicht nur zur geistigen und k\u00f6rperlichen Belastung der Angeh\u00f6rigen werden &#8211; sondern auch zu einer finanziellen! <\/p>\n\n\n\n<p>Um den letzten Punkt k\u00fcmmern wir uns gerne und ermitteln mit Ihnen gemeinsam ein geeignetes Versicherungsprodukt im Bereich Pflege \/ Vorsorge. <\/p>\n\n\n\n<figure class=\"wp-block-image\"><img loading=\"lazy\" decoding=\"async\" width=\"300\" height=\"158\" src=\"http:\/\/check.expert\/wp-content\/uploads\/2019\/07\/Vorsorge-300x158.png\" alt=\"\" class=\"wp-image-155\" srcset=\"http:\/\/check.expert\/wp-content\/uploads\/2019\/07\/Vorsorge-300x158.png 300w, http:\/\/check.expert\/wp-content\/uploads\/2019\/07\/Vorsorge-768x405.png 768w, http:\/\/check.expert\/wp-content\/uploads\/2019\/07\/Vorsorge-1024x540.png 1024w, http:\/\/check.expert\/wp-content\/uploads\/2019\/07\/Vorsorge.png 1116w\" sizes=\"(max-width: 300px) 85vw, 300px\" \/><figcaption>(\u00a9 Coloures-Pic \u2013 stock.adobe.com)<\/figcaption><\/figure>\n\n\n\n<p>Wussen Sie beispielsweise, dass im H\u00e4rtefall, also in einem sehr schweren Pflegefall, eine Heimunterbringung zwischen 3.000 bis 5.000 Euro monatlich kostet, die gesetzliche Pflegeversicherung aber nur maximal 1.825 Euro (Stand 2019) monatlich zahlt? <br>Wir erarbeiten mit Ihnen zusammen einen Versicherungsplan, bei dem Sie vor hohen Zuzahlungen im Fall des Falles gesch\u00fctzt sind!<\/p>\n\n\n\n<p><br>In der <a href=\"http:\/\/check.expert\/wp-content\/uploads\/2019\/07\/produktbroschuere-deutschlandpflege.pdf\">hier gezeigten Brosch\u00fcre<\/a> sind diese Daten noch einmal erkl\u00e4rt und auch eine erste Preisinformation enthalten. <\/p>\n\n\n\n<p><br>Lassen Sie sich umfangreich und kompetent von uns beraten. <\/p>\n","protected":false},"excerpt":{"rendered":"<p>Nicht nur im Alter, auch bei unvorhergesehenen Ereignissen in deutlich j\u00fcngerem Alter kann es passieren, dass eine Pflegebed\u00fcrftigkeit eintritt. Die Pflege zu Hause oder auch in einem Pflegeheim kann schnell nicht nur zur geistigen und k\u00f6rperlichen Belastung der Angeh\u00f6rigen werden &#8211; sondern auch zu einer finanziellen! Um den letzten Punkt k\u00fcmmern wir uns gerne und &hellip; <a href=\"http:\/\/check.expert\/?page_id=38\" class=\"more-link\"><span class=\"screen-reader-text\">&#8222;Pflege \/ Vorsorge&#8220; <\/span>weiterlesen<\/a><\/p>\n","protected":false},"author":1,"featured_media":0,"parent":0,"menu_order":0,"comment_status":"closed","ping_status":"closed","template":"","meta":{"footnotes":""},"_links":{"self":[{"href":"http:\/\/check.expert\/index.php?rest_route=\/wp\/v2\/pages\/38"}],"collection":[{"href":"http:\/\/check.expert\/index.php?rest_route=\/wp\/v2\/pages"}],"about":[{"href":"http:\/\/check.expert\/index.php?rest_route=\/wp\/v2\/types\/page"}],"author":[{"embeddable":true,"href":"http:\/\/check.expert\/index.php?rest_route=\/wp\/v2\/users\/1"}],"replies":[{"embeddable":true,"href":"http:\/\/check.expert\/index.php?rest_route=%2Fwp%2Fv2%2Fcomments&post=38"}],"version-history":[{"count":8,"href":"http:\/\/check.expert\/index.php?rest_route=\/wp\/v2\/pages\/38\/revisions"}],"predecessor-version":[{"id":204,"href":"http:\/\/check.expert\/index.php?rest_route=\/wp\/v2\/pages\/38\/revisions\/204"}],"wp:attachment":[{"href":"http:\/\/check.expert\/index.php?rest_route=%2Fwp%2Fv2%2Fmedia&parent=38"}],"curies":[{"name":"wp","href":"https:\/\/api.w.org\/{rel}","templated":true}]}}