{"id":8,"date":"2019-07-10T16:26:06","date_gmt":"2019-07-10T16:26:06","guid":{"rendered":"http:\/\/check.expert\/?page_id=8"},"modified":"2019-07-12T07:57:09","modified_gmt":"2019-07-12T07:57:09","slug":"ihre-absicherung-brigitte-lingen","status":"publish","type":"page","link":"http:\/\/check.expert\/","title":{"rendered":"Willkommen"},"content":{"rendered":"\n<p>Willkommen auf der neuen Webpr\u00e4senz der Versicherungsagentur Ihre-Absicherung Brigitte Lingen<\/p>\n\n\n\n<p>Die Versicherungsagentur Ihre-Absicherung wurde im April\n2008 gegr\u00fcndet. Wir sind eine Mehrfachagentur und vertreiben Versicherungen von\nvielen Anbietern.<\/p>\n\n\n\n<p>Frau Lingen hat im Januar 1995 ihre Ausbildung bei der Debeka zur Versicherungsfachfrau BWV begonnen und im Sept. 1997 bei der IHK in K\u00f6ln erfolgreich die Pr\u00fcfung abgelegt.<\/p>\n\n\n\n<p>Bis August 1999 war sie bei der Debeka in der Bezirksleitung J\u00fclich t\u00e4tig. Von dort wechselte sie zur Provinzial Gesch\u00e4ftsstelle Aldenhoff\/K\u00f6nen und betreute als Au\u00dfendienstmitarbeiterin die Kunden bis zum 31.03.2008.<\/p>\n\n\n\n<div class=\"wp-block-image\"><figure class=\"alignleft\"><img loading=\"lazy\" decoding=\"async\" width=\"132\" height=\"181\" src=\"http:\/\/check.expert\/wp-content\/uploads\/2019\/07\/1168.jpg\" alt=\"\" class=\"wp-image-93\"\/><\/figure><\/div>\n\n\n\n<p>&#8222;<em>Seit dem 01.04.2008 bin ich nun Inhaber der Agentur Ihre-Absicherung und vertreibe f\u00fcr diverse Versicherungsunternehmen Sach-, Kfz- und Personenversicherung im privaten als auch gewerblichen Bereich. <\/em><br><strong><em>Eine vertrauensvolle Zusammenarbeit mit meinen Kunden ist mir sehr wichtig!<\/em><\/strong>&#8222;<\/p>\n","protected":false},"excerpt":{"rendered":"<p>Willkommen auf der neuen Webpr\u00e4senz der Versicherungsagentur Ihre-Absicherung Brigitte Lingen Die Versicherungsagentur Ihre-Absicherung wurde im April 2008 gegr\u00fcndet. Wir sind eine Mehrfachagentur und vertreiben Versicherungen von vielen Anbietern. Frau Lingen hat im Januar 1995 ihre Ausbildung bei der Debeka zur Versicherungsfachfrau BWV begonnen und im Sept. 1997 bei der IHK in K\u00f6ln erfolgreich die Pr\u00fcfung &hellip; <a href=\"http:\/\/check.expert\/\" class=\"more-link\"><span class=\"screen-reader-text\">&#8222;Willkommen&#8220; <\/span>weiterlesen<\/a><\/p>\n","protected":false},"author":1,"featured_media":0,"parent":0,"menu_order":1,"comment_status":"closed","ping_status":"closed","template":"","meta":{"footnotes":""},"_links":{"self":[{"href":"http:\/\/check.expert\/index.php?rest_route=\/wp\/v2\/pages\/8"}],"collection":[{"href":"http:\/\/check.expert\/index.php?rest_route=\/wp\/v2\/pages"}],"about":[{"href":"http:\/\/check.expert\/index.php?rest_route=\/wp\/v2\/types\/page"}],"author":[{"embeddable":true,"href":"http:\/\/check.expert\/index.php?rest_route=\/wp\/v2\/users\/1"}],"replies":[{"embeddable":true,"href":"http:\/\/check.expert\/index.php?rest_route=%2Fwp%2Fv2%2Fcomments&post=8"}],"version-history":[{"count":9,"href":"http:\/\/check.expert\/index.php?rest_route=\/wp\/v2\/pages\/8\/revisions"}],"predecessor-version":[{"id":99,"href":"http:\/\/check.expert\/index.php?rest_route=\/wp\/v2\/pages\/8\/revisions\/99"}],"wp:attachment":[{"href":"http:\/\/check.expert\/index.php?rest_route=%2Fwp%2Fv2%2Fmedia&parent=8"}],"curies":[{"name":"wp","href":"https:\/\/api.w.org\/{rel}","templated":true}]}}